{"id":6,"date":"2021-09-15T12:00:45","date_gmt":"2021-09-15T10:00:45","guid":{"rendered":"https:\/\/mag2go.de\/horemi\/?page_id=6"},"modified":"2026-03-31T13:16:54","modified_gmt":"2026-03-31T11:16:54","slug":"startseite","status":"publish","type":"page","link":"https:\/\/horemi.org\/de\/","title":{"rendered":"Helfen macht Freu(n)de. Willkommen!"},"content":{"rendered":"\n<div class=\"wp-block-group alignfull grid-break\" id=\"opener\"><div class=\"wp-block-group__inner-container is-layout-constrained wp-block-group-is-layout-constrained\">\n<div class=\"wp-block-columns is-layout-flex wp-container-core-columns-is-layout-9d6595d7 wp-block-columns-is-layout-flex\">\n<div class=\"wp-block-column is-vertically-aligned-center is-layout-flow wp-block-column-is-layout-flow\" style=\"flex-basis:40%\">\n<h1 class=\"wp-block-heading alignfull has-text-align-left\">Helfen macht Freu(n)de. <br>Willkommen!<\/h1>\n\n\n\n<p class=\"has-text-align-left\"><strong>Ein Blech\u00addach \u00fcber dem Kopf, eine warme Mahl\u00adzeit am Tag, regel\u00adm\u00e4\u00ad\u00dfiger Schul\u00adbe\u00adsuch: F\u00fcr viele der unz\u00e4h\u00adligen Waisen\u00adkinder in Uganda ist dieser \u201eLuxus\u201c uner\u00adreichbar. Das kann doch nicht sein, sagte sich vor \u00fcber zehn Jahren eine Lehrerin im Osten des Landes und star\u00adtete mit nicht viel mehr als ihren zwei H\u00e4nden eine Initia\u00adtive, die heute unter dem Namen HOREMI ein Waisen\u00adhaus und eine Grund\u00adschule betreibt.<\/strong><\/p>\n\n\n\n<div class=\"wp-block-buttons is-layout-flex wp-block-buttons-is-layout-flex\">\n<div class=\"wp-block-button\"><a class=\"wp-block-button__link wp-element-button\" href=\"https:\/\/horemi.org\/de\/jetzt-spenden-helfen-macht-freunde\/\"><strong>Ich kann mithelfen<\/strong><\/a><\/div>\n<\/div>\n<\/div>\n\n\n\n<div class=\"wp-block-column is-vertically-aligned-center is-layout-flow wp-block-column-is-layout-flow\" style=\"flex-basis:60%\"><div class=\"wp-block-image\">\n<figure class=\"aligncenter size-full\"><img loading=\"lazy\" decoding=\"async\" width=\"980\" height=\"551\" src=\"https:\/\/horemi.org\/de\/wp-content\/uploads\/sites\/27\/2024\/01\/horemi_uganda_kinder_gruppe-small-2.jpg\" alt class=\"wp-image-5146\" srcset=\"https:\/\/horemi.org\/de\/wp-content\/uploads\/sites\/27\/2024\/01\/horemi_uganda_kinder_gruppe-small-2.jpg 980w, https:\/\/horemi.org\/de\/wp-content\/uploads\/sites\/27\/2024\/01\/horemi_uganda_kinder_gruppe-small-2-300x169.jpg 300w, https:\/\/horemi.org\/de\/wp-content\/uploads\/sites\/27\/2024\/01\/horemi_uganda_kinder_gruppe-small-2-768x432.jpg 768w, https:\/\/horemi.org\/de\/wp-content\/uploads\/sites\/27\/2024\/01\/horemi_uganda_kinder_gruppe-small-2-540x304.jpg 540w\" sizes=\"auto, (max-width: 980px) 100vw, 980px\"><\/figure>\n<\/div><\/div>\n<\/div>\n<\/div><\/div>\n\n\n\n<div class=\"wp-block-group grid-break content\"><div class=\"wp-block-group__inner-container is-layout-constrained wp-block-group-is-layout-constrained\">\n<h3 class=\"wp-block-heading\">HOREMI: Hilfe, Hoffnung und Perspektive<\/h3>\n\n\n\n<p>HOREMI (Hope and Rescue Missions Inter\u00adna\u00adtional) ist eine kleine, private Hilfs\u00ador\u00adga\u00adni\u00adsa\u00adtion in Ost-Uganda. Sie wurde 2015 von der Lehrerin Naume Naigaga und ihrem Adop\u00adtiv\u00adsohn Kenneth gegr\u00fcndet und versorgt inzwi\u00adschen 30 Waisen- und Stra\u00ad\u00dfen\u00adkinder mit dem Lebens\u00adwich\u00adtigsten: Dach, Essen, Trinken, Klei\u00addung und Schul\u00adbe\u00adsuch. Einblicke in das Leben bei HOREMI und Neuig\u00adkeiten finden Sie <a href=\"https:\/\/horemi.org\/de\/news\/\">hier im Blog<\/a>.<\/p>\n\n\n\n<p>Anfang 2024 konnte HOREMI eine eigene Grund\u00adschule er\u00f6ffnen, um auch armen Kindern eine gute Bildung zu erm\u00f6g\u00adli\u00adchen. Nur dank Ihrer <a href=\"https:\/\/horemi.org\/de\/jetzt-spenden-helfen-macht-freunde\/\" data-type=\"page\" data-id=\"3821\">Spenden<\/a> kann HOREMI diese Arbeit leisten.<\/p>\n\n\n\n<p>Denn <a href=\"https:\/\/horemi.org\/de\/uganda\/\" target=\"_blank\" rel=\"noreferrer noopener\">Uganda<\/a> ist eines der \u00e4rmsten L\u00e4nder der Welt. Eine staat\u00adliche F\u00fcrsorge im west\u00adli\u00adchen Sinne gibt es nicht. Aber es gibt uns, die \u201eFriends of HOREMI\u201c (siehe unten).<\/p>\n<\/div><\/div>\n\n\n\n<div class=\"wp-block-group grid-break content\"><div class=\"wp-block-group__inner-container is-layout-constrained wp-block-group-is-layout-constrained\">\n<hr class=\"wp-block-separator has-alpha-channel-opacity m2g-section-divider\">\n<\/div><\/div>\n\n\n\n<div class=\"wp-block-group alignfull grid-break mgznkr-elements mgznkr-box\" id=\"teaser-box\"><div class=\"wp-block-group__inner-container is-layout-constrained wp-block-group-is-layout-constrained\">\n<h2 class=\"wp-block-heading has-text-align-center\"><strong>News von HOREMI<\/strong><\/h2>\n\n\n<div class=\"grid-item grid-item\"><a class=\"preview-link\" href=\"https:\/\/horemi.org\/de\/das-schuljahr-2026-ist-in-vollem-gange\/\" title=\"Das Schuljahr 2026 ist in vollem Gange\" rel=\"bookmark\">\n\t<article class=\"preview preview-post post-6955 post type-post status-publish format-standard has-post-thumbnail hentry category-horemi\" id=\"post-6955\">\n\n\t\t<figure class=\"preview-media\">\n\n\t\t\t<div class=\"preview-media-link faux-image aspect-ratio-16x10\">\n\t\t\t\t<div class=\"m2g-media-wrapper\"><img loading=\"lazy\" decoding=\"async\" width=\"815\" height=\"464\" src=\"https:\/\/horemi.org\/de\/wp-content\/uploads\/sites\/27\/2026\/03\/Schule-Examen-1.jpg\" class=\"attachment-chaplin_preview_image_high_resolution size-chaplin_preview_image_high_resolution wp-post-image\" alt srcset=\"https:\/\/horemi.org\/de\/wp-content\/uploads\/sites\/27\/2026\/03\/Schule-Examen-1.jpg 815w, https:\/\/horemi.org\/de\/wp-content\/uploads\/sites\/27\/2026\/03\/Schule-Examen-1-300x171.jpg 300w, https:\/\/horemi.org\/de\/wp-content\/uploads\/sites\/27\/2026\/03\/Schule-Examen-1-768x437.jpg 768w, https:\/\/horemi.org\/de\/wp-content\/uploads\/sites\/27\/2026\/03\/Schule-Examen-1-540x307.jpg 540w\" sizes=\"auto, (max-width: 815px) 100vw, 815px\"><\/div>\n\t\t\t<\/div>\n\n\t\t<\/figure><!-- .preview-media -->\n\t\t\t\n\t\t<header class=\"preview-header\">\n\t\n\t\t\t<h2 class=\"preview-title heading-size-3\"><span class=\"pre-header preview-pre-header\"><\/span><span>Das Schuljahr 2026 ist in vollem Gange<\/span><\/h2>\n\t\t\t\t\t\n\t\t\t<div class=\"preview-excerpt\">\n\t\t\t\t<p>Seit diesem Jahr sind beide Schul\u00adge\u00adb\u00e4ude in Betrieb \u2014 und die Zahl der hier unter\u00adrich\u00adteten Sch\u00fc\u00adle\u00adrinnen und Sch\u00fcler ist weiter gestiegen.<\/p>\n<span class=\"more\" aria-hidden=\"true\"><\/span>\t\t\t\n\t\t\t<\/div><!-- .preview-excerpt -->\n\t\t\t\t\n\t\t<\/header><!-- .preview-header -->\n\n\t<\/article><!-- .preview -->\n<\/a>\n<\/div><div class=\"grid-item grid-item\"><a class=\"preview-link\" href=\"https:\/\/horemi.org\/de\/hilfe-zur-selbsthilfe-ausbau-der-nachhaltigen-landwirtschaft\/\" title=\"Eigenes Essen: Nachhaltige Landwirtschaft f\u00fcr mehr Selbstversorgung\" rel=\"bookmark\">\n\t<article class=\"preview preview-post post-6877 post type-post status-publish format-standard has-post-thumbnail hentry category-horemi\" id=\"post-6877\">\n\n\t\t<figure class=\"preview-media\">\n\n\t\t\t<div class=\"preview-media-link faux-image aspect-ratio-16x10\">\n\t\t\t\t<div class=\"m2g-media-wrapper\"><img loading=\"lazy\" decoding=\"async\" width=\"1080\" height=\"608\" src=\"https:\/\/horemi.org\/de\/wp-content\/uploads\/sites\/27\/2025\/12\/IMG_3539-1080x608.jpg\" class=\"attachment-chaplin_preview_image_high_resolution size-chaplin_preview_image_high_resolution wp-post-image\" alt srcset=\"https:\/\/horemi.org\/de\/wp-content\/uploads\/sites\/27\/2025\/12\/IMG_3539-1080x608.jpg 1080w, https:\/\/horemi.org\/de\/wp-content\/uploads\/sites\/27\/2025\/12\/IMG_3539-300x169.jpg 300w, https:\/\/horemi.org\/de\/wp-content\/uploads\/sites\/27\/2025\/12\/IMG_3539-1024x576.jpg 1024w, https:\/\/horemi.org\/de\/wp-content\/uploads\/sites\/27\/2025\/12\/IMG_3539-768x432.jpg 768w, https:\/\/horemi.org\/de\/wp-content\/uploads\/sites\/27\/2025\/12\/IMG_3539-1536x864.jpg 1536w, https:\/\/horemi.org\/de\/wp-content\/uploads\/sites\/27\/2025\/12\/IMG_3539-540x304.jpg 540w, https:\/\/horemi.org\/de\/wp-content\/uploads\/sites\/27\/2025\/12\/IMG_3539-1980x1114.jpg 1980w, https:\/\/horemi.org\/de\/wp-content\/uploads\/sites\/27\/2025\/12\/IMG_3539.jpg 2016w\" sizes=\"auto, (max-width: 1080px) 100vw, 1080px\"><\/div>\n\t\t\t<\/div>\n\n\t\t<\/figure><!-- .preview-media -->\n\t\t\t\n\t\t<header class=\"preview-header\">\n\t\n\t\t\t<h2 class=\"preview-title heading-size-3\"><span class=\"pre-header preview-pre-header\"><\/span><span>Eigenes Essen: Nachhaltige Landwirtschaft f\u00fcr mehr Selbstversorgung<\/span><\/h2>\n\t\t\t\t\t\n\t\t\t<div class=\"preview-excerpt\">\n\t\t\t\t<p>Trotz der unglaub\u00adli\u00adchen Entwick\u00adlung von HOREMI (dank Eurer unglaub\u00adli\u00adchen Unter\u00adst\u00fct\u00adzung!) ist die Versor\u00adgung mit Nahrung immer noch eine zentrale Heraus\u00adfor\u00adde\u00adrung. <\/p>\n<span class=\"more\" aria-hidden=\"true\"><\/span>\t\t\t\n\t\t\t<\/div><!-- .preview-excerpt -->\n\t\t\t\t\n\t\t<\/header><!-- .preview-header -->\n\n\t<\/article><!-- .preview -->\n<\/a>\n<\/div><div class=\"grid-item grid-item\"><a class=\"preview-link\" href=\"https:\/\/horemi.org\/de\/horemis-mobile-umweltruppe\/\" title=\"HOREMIs mobile Umweltruppe\" rel=\"bookmark\">\n\t<article class=\"preview preview-post post-6828 post type-post status-publish format-standard has-post-thumbnail hentry category-horemi\" id=\"post-6828\">\n\n\t\t<figure class=\"preview-media\">\n\n\t\t\t<div class=\"preview-media-link faux-image aspect-ratio-16x10\">\n\t\t\t\t<div class=\"m2g-media-wrapper\"><img loading=\"lazy\" decoding=\"async\" width=\"750\" height=\"1000\" src=\"https:\/\/horemi.org\/de\/wp-content\/uploads\/sites\/27\/2025\/11\/8f510f67-eb48-4f53-b193-04b9ab327881.jpg\" class=\"attachment-chaplin_preview_image_high_resolution size-chaplin_preview_image_high_resolution wp-post-image\" alt srcset=\"https:\/\/horemi.org\/de\/wp-content\/uploads\/sites\/27\/2025\/11\/8f510f67-eb48-4f53-b193-04b9ab327881.jpg 750w, https:\/\/horemi.org\/de\/wp-content\/uploads\/sites\/27\/2025\/11\/8f510f67-eb48-4f53-b193-04b9ab327881-225x300.jpg 225w, https:\/\/horemi.org\/de\/wp-content\/uploads\/sites\/27\/2025\/11\/8f510f67-eb48-4f53-b193-04b9ab327881-540x720.jpg 540w\" sizes=\"auto, (max-width: 750px) 100vw, 750px\"><\/div>\n\t\t\t<\/div>\n\n\t\t<\/figure><!-- .preview-media -->\n\t\t\t\n\t\t<header class=\"preview-header\">\n\t\n\t\t\t<h2 class=\"preview-title heading-size-3\"><span class=\"pre-header preview-pre-header\"><\/span><span>HOREMIs mobile Umweltruppe<\/span><\/h2>\n\t\t\t\t\t\n\t\t\t<div class=\"preview-excerpt\">\n\t\t\t\t<p>Lehrer und Sch\u00fcler von HOREMI ziehen gemeinsam los und gegen Plas\u00adtik\u00adm\u00fcll ins Feld! F\u00fcr eine saubere Umwelt und gesunde B\u00f6den.  <\/p>\n<span class=\"more\" aria-hidden=\"true\"><\/span>\t\t\t\n\t\t\t<\/div><!-- .preview-excerpt -->\n\t\t\t\t\n\t\t<\/header><!-- .preview-header -->\n\n\t<\/article><!-- .preview -->\n<\/a>\n<\/div>\n\n\n<h2 class=\"wp-block-heading has-text-align-center\"><a href=\"\/de\/news\" data-type=\"URL\" data-id=\"\/de\/news\">Weitere News <i class=\"mgznkr-icon fa fa-caret-right fas\"><\/i><\/a><\/h2>\n<\/div><\/div>\n\n\n\n<div class=\"wp-block-group alignwide grid-break content\"><div class=\"wp-block-group__inner-container is-layout-constrained wp-block-group-is-layout-constrained\">\n<h2 class=\"wp-block-heading\">Friends of HOREMI e.V.: Hilfe, die ankommt!<\/h2>\n\n\n\n<p>Wir, die \u201cFriends of HOREMI e.V.\u201d sind eine Hand\u00advoll Spon\u00adsoren, von denen einige HOREMI bereits seit Jahren unter\u00adst\u00fctzen (erst\u00admals ab 2016). Mitte 2023 beschlossen wir, einen gemein\u00adn\u00fct\u00adzigen Verein zu gr\u00fcnden, um die Arbeit der kleinen Orga\u00adni\u00adsa\u00adtion HOREMI besser f\u00f6rdern zu k\u00f6nnen. Und um viele weitere Freunde f\u00fcr Yobu, Bumali und all die anderen HOREMI-Kids zu finden.<\/p>\n\n\n\n<p>Unser Ziel ist es, die Spenden f\u00fcr das Waisen\u00adhaus und die Start\u00adhilfen f\u00fcr die Schule zu stei\u00adgern und zu verste\u00adtigen, um HOREMI mehr Planungs\u00adsi\u00adcher\u00adheit zu verschaffen. Nur so hat die Orga\u00adni\u00adsa\u00adtion eine Chance, nach\u00adhaltig zu helfen und selbst Ressourcen aufzu\u00adbauen, etwa durch eigene Land\u00adwirt\u00adschaft. Und die Hilfe kommt an: Jeder Euro verbes\u00adsert sp\u00fcrbar die schwie\u00adrige Lebens\u00adsi\u00adtua\u00adtion vor Ort.<\/p>\n\n\n\n<figure class=\"wp-block-image alignwide size-large\"><img loading=\"lazy\" decoding=\"async\" width=\"1024\" height=\"576\" src=\"https:\/\/mag2go.de\/horemi\/wp-content\/uploads\/sites\/27\/2023\/07\/Horemi_Uganda_Kinder_Waisen-1024x576.jpg\" alt class=\"wp-image-3531\" srcset=\"https:\/\/horemi.org\/de\/wp-content\/uploads\/sites\/27\/2023\/07\/Horemi_Uganda_Kinder_Waisen-1024x576.jpg 1024w, https:\/\/horemi.org\/de\/wp-content\/uploads\/sites\/27\/2023\/07\/Horemi_Uganda_Kinder_Waisen-300x169.jpg 300w, https:\/\/horemi.org\/de\/wp-content\/uploads\/sites\/27\/2023\/07\/Horemi_Uganda_Kinder_Waisen-768x432.jpg 768w, https:\/\/horemi.org\/de\/wp-content\/uploads\/sites\/27\/2023\/07\/Horemi_Uganda_Kinder_Waisen-1536x864.jpg 1536w, https:\/\/horemi.org\/de\/wp-content\/uploads\/sites\/27\/2023\/07\/Horemi_Uganda_Kinder_Waisen-540x304.jpg 540w, https:\/\/horemi.org\/de\/wp-content\/uploads\/sites\/27\/2023\/07\/Horemi_Uganda_Kinder_Waisen-1080x608.jpg 1080w, https:\/\/horemi.org\/de\/wp-content\/uploads\/sites\/27\/2023\/07\/Horemi_Uganda_Kinder_Waisen.jpg 1920w\" sizes=\"auto, (max-width: 1024px) 100vw, 1024px\"><\/figure>\n\n\n\n<h3 class=\"wp-block-heading\">Der Anfang ist gemacht \u2014 so geht es weiter:<\/h3>\n\n\n\n<ul class=\"wp-block-list\">\n<li>Neue Spen\u00adde\u00adrinnen und Spender \u00fcber\u00adzeugen (<a href=\"https:\/\/horemi.org\/de\/jetzt-spenden-helfen-macht-freunde\/\">Ihre Spende hilft sehr!<\/a>)<\/li>\n\n\n\n<li>Vermitt\u00adlung von Paten\u00adschaften f\u00fcr Kinder, Sch\u00fcler, Lehrer (<a href=\"https:\/\/horemi.org\/de\/jetzt-spenden-helfen-macht-freunde\/\">jede Paten\u00adschaft hilft allen<\/a>)<\/li>\n<\/ul>\n<\/div><\/div>\n\n\n\n<p><\/p>\n","protected":false},"excerpt":{"rendered":"<p>Ein Blech\u00addach \u00fcber dem Kopf, eine warme Mahl\u00adzeit am Tag, regel\u00adm\u00e4\u00ad\u00dfiger Schul\u00adbe\u00adsuch: F\u00fcr viele der vielen Waisen\u00adkinder in Uganda ist dieser \u201eLuxus\u201c uner\u00adreichbar. Das kann doch nicht sein, sagte sich vor acht Jahren eine B\u00e4uerin im Osten des Landes und star\u00adtete mit nicht viel mehr als ihren zwei H\u00e4nden eine Initia\u00adtive, die heute unter dem Namen HOREMI f\u00fcr rund 30 Waisen\u00adkinder sorgt.<\/p>\n","protected":false},"author":1,"featured_media":0,"parent":0,"menu_order":10,"comment_status":"closed","ping_status":"closed","template":"page-list-teaser-blocks.php","meta":{"_acf_changed":false,"wp_typography_post_enhancements_disabled":false,"footnotes":""},"class_list":["post-6","page","type-page","status-publish","has-post-thumbnail","hentry"],"acf":[],"_links":{"self":[{"href":"https:\/\/horemi.org\/de\/wp-json\/wp\/v2\/pages\/6","targetHints":{"allow":["GET"]}}],"collection":[{"href":"https:\/\/horemi.org\/de\/wp-json\/wp\/v2\/pages"}],"about":[{"href":"https:\/\/horemi.org\/de\/wp-json\/wp\/v2\/types\/page"}],"author":[{"embeddable":true,"href":"https:\/\/horemi.org\/de\/wp-json\/wp\/v2\/users\/1"}],"replies":[{"embeddable":true,"href":"https:\/\/horemi.org\/de\/wp-json\/wp\/v2\/comments?post=6"}],"version-history":[{"count":227,"href":"https:\/\/horemi.org\/de\/wp-json\/wp\/v2\/pages\/6\/revisions"}],"predecessor-version":[{"id":6954,"href":"https:\/\/horemi.org\/de\/wp-json\/wp\/v2\/pages\/6\/revisions\/6954"}],"wp:attachment":[{"href":"https:\/\/horemi.org\/de\/wp-json\/wp\/v2\/media?parent=6"}],"curies":[{"name":"wp","href":"https:\/\/api.w.org\/{rel}","templated":true}]}}