{"id":3821,"date":"2023-08-07T09:05:53","date_gmt":"2023-08-07T07:05:53","guid":{"rendered":"https:\/\/mag2go.de\/horemi\/?page_id=3821"},"modified":"2025-01-26T00:08:11","modified_gmt":"2025-01-25T23:08:11","slug":"become-a-sponsor","status":"publish","type":"page","link":"https:\/\/horemi.org\/en\/become-a-sponsor\/","title":{"rendered":"Become a sponsor!"},"content":{"rendered":"\n<p><\/p>\n\n\n\n<p><strong>We make sure that HOREMI receives 100% of the dona\u00adtions. We can person\u00adally attest to the fact that they make a big differ\u00adence on the ground. As a small private orga\u00adni\u00adza\u00adtion (non-profit asso\u00adci\u00ada\u00adtion), we have the great advan\u00adtage that we know all those involved on the ground person\u00adally and were able to see the progress for ourselves in Uganda. We are in close contact with those respon\u00adsible and they keep us constantly up to date. This means that we at \u201cFriends of HOREMI\u201d can always rejoice in the fact that together we are really making a differ\u00adence.&nbsp;&nbsp;&nbsp;&nbsp;&nbsp;<\/strong>&nbsp;&nbsp;&nbsp;<\/p>\n\n\n\n<p>Would you like to be part of it? Whether you choose a <a href=\"https:\/\/www.paypal.com\/donate\/?hosted_button_id=WJ8NHT4T7CH7Y\" data-type=\"link\" data-id=\"https:\/\/www.paypal.com\/donate\/?hosted_button_id=WJ8NHT4T7CH7Y\" target=\"_blank\" rel=\"noreferrer noopener\">quick one-off dona\u00adtion via Paypal<\/a> or long-term monthly support by bank transfer \u2014 HOREMI is happy to receive liter\u00adally every euro (or Uganda shilling, which is the local currency).<\/p>\n\n\n<div class=\"wp-block-image\">\n<figure data-wp-context=\"{&quot;imageId&quot;:&quot;69d6d219e9fe8&quot;}\" data-wp-interactive=\"core\/image\" data-wp-key=\"69d6d219e9fe8\" class=\"alignleft size-medium is-resized wp-lightbox-container\"><img loading=\"lazy\" decoding=\"async\" width=\"225\" height=\"300\" data-wp-class--hide=\"state.isContentHidden\" data-wp-class--show=\"state.isContentVisible\" data-wp-init=\"callbacks.setButtonStyles\" data-wp-on--click=\"actions.showLightbox\" data-wp-on--load=\"callbacks.setButtonStyles\" data-wp-on-window--resize=\"callbacks.setButtonStyles\" src=\"https:\/\/horemi.org\/en\/wp-content\/uploads\/sites\/28\/2024\/05\/DF31DFE9-0348-44FD-80AE-F102424287FA-scaled-3-225x300.jpg\" alt class=\"wp-image-4748\" style=\"width:211px;height:auto\" srcset=\"https:\/\/horemi.org\/en\/wp-content\/uploads\/sites\/28\/2024\/05\/DF31DFE9-0348-44FD-80AE-F102424287FA-scaled-3-225x300.jpg 225w, https:\/\/horemi.org\/en\/wp-content\/uploads\/sites\/28\/2024\/05\/DF31DFE9-0348-44FD-80AE-F102424287FA-scaled-3-768x1024.jpg 768w, https:\/\/horemi.org\/en\/wp-content\/uploads\/sites\/28\/2024\/05\/DF31DFE9-0348-44FD-80AE-F102424287FA-scaled-3-1152x1536.jpg 1152w, https:\/\/horemi.org\/en\/wp-content\/uploads\/sites\/28\/2024\/05\/DF31DFE9-0348-44FD-80AE-F102424287FA-scaled-3-1536x2048.jpg 1536w, https:\/\/horemi.org\/en\/wp-content\/uploads\/sites\/28\/2024\/05\/DF31DFE9-0348-44FD-80AE-F102424287FA-scaled-3-540x720.jpg 540w, https:\/\/horemi.org\/en\/wp-content\/uploads\/sites\/28\/2024\/05\/DF31DFE9-0348-44FD-80AE-F102424287FA-scaled-3-1080x1440.jpg 1080w, https:\/\/horemi.org\/en\/wp-content\/uploads\/sites\/28\/2024\/05\/DF31DFE9-0348-44FD-80AE-F102424287FA-scaled-3.jpg 1920w\" sizes=\"auto, (max-width: 225px) 100vw, 225px\"><button class=\"lightbox-trigger\" type=\"button\" aria-haspopup=\"dialog\" aria-label=\"Enlarge\" data-wp-init=\"callbacks.initTriggerButton\" data-wp-on--click=\"actions.showLightbox\" data-wp-style--right=\"state.imageButtonRight\" data-wp-style--top=\"state.imageButtonTop\">\n\t\t\t<svg width=\"12\" height=\"12\" fill=\"none\" viewBox=\"0 0 12 12\">\n\t\t\t\t<path fill=\"#fff\" d=\"M2 0a2 2 0 0 0-2 2v2h1.5V2a.5.5 0 0 1 .5-.5h2V0H2Zm2 10.5H2a.5.5 0 0 1-.5-.5V8H0v2a2 2 0 0 0 2 2h2v-1.5ZM8 12v-1.5h2a.5.5 0 0 0 .5-.5V8H12v2a2 2 0 0 1-2 2H8Zm2-12a2 2 0 0 1 2 2v2h-1.5V2a.5.5 0 0 0-.5-.5H8V0h2Z\" \/>\n\t\t\t<\/svg>\n\t\t<\/button><figcaption class=\"wp-element-caption\">Kelvin and Shukran have the chance of a good start in life at HOREMI.<\/figcaption><\/figure>\n<\/div>\n\n\n<p><strong>Two pieces of good news first: <\/strong>Thanks to the help of HOREMI spon\u00adsors, the basic living condi\u00adtions for Kelvin, Shukran (pictured) and their 30 or so HOREMI siblings have improved signif\u00adi\u00adcantly in recent months.<\/p>\n\n\n\n<p>Basic neces\u00adsi\u00adties, such as food and clothing, wages for helpers and school fees for the older kids, are now much more securely financed than just a few months ago. And thanks to the great will\u00ading\u00adness to donate, espe\u00adcially before Christmas, we were able to build our own school, which is so impor\u00adtant. That\u2019s great, thank you very much!<\/p>\n\n\n\n<p>Despite this progress, the living condi\u00adtions of HOREMI chil\u00addren are still precar\u00adious. The diet is very simple and consists mainly of carbo\u00adhy\u00addrates that make them full. The chil\u00addren live from hand to mouth, there are hardly any reserves for emer\u00adgen\u00adcies such as illnesses, acci\u00addents, droughts, floods etc. There is no regular health care. There is no elec\u00adtricity. There is no running water. There is still a lot to do.<\/p>\n\n\n\n<div class=\"wp-block-group alignwide mgznkr-elements mgznkr-box\" id=\"spenden-box\"><div class=\"wp-block-group__inner-container is-layout-flow wp-block-group-is-layout-flow\">\n<h2 class=\"wp-block-heading\"><strong>Health. Water. Electricity<\/strong>.<\/h2>\n\n\n\n<div class=\"wp-block-columns is-layout-flex wp-container-core-columns-is-layout-9d6595d7 wp-block-columns-is-layout-flex\">\n<div class=\"wp-block-column is-vertically-aligned-top is-layout-flow wp-block-column-is-layout-flow\">\n<h2 class=\"wp-block-heading\">With a donation of<\/h2>\n\n\n\n<div class=\"wp-block-buttons is-layout-flex wp-block-buttons-is-layout-flex\">\n<div class=\"wp-block-button\" id=\"betrag-eins\"><a class=\"wp-block-button__link wp-element-button\">25 \u20ac<\/a><\/div>\n\n\n\n<div class=\"wp-block-button\" id=\"betrag-zwei\"><a class=\"wp-block-button__link wp-element-button\">50 \u20ac<\/a><\/div>\n\n\n\n<div class=\"wp-block-button\" id=\"betrag-drei\"><a class=\"wp-block-button__link wp-element-button\">75 \u20ac<\/a><\/div>\n<\/div>\n\n\n\n<h2 class=\"wp-block-heading\">you finance:<\/h2>\n\n\n\n<div id=\"spenden-cont\" class=\"wp-block-group\"><div class=\"wp-block-group__inner-container is-layout-constrained wp-block-group-is-layout-constrained\">\n<h3 class=\"wp-block-heading\" id=\"text-eins\">regular health care<\/h3>\n\n\n\n<h3 class=\"wp-block-heading\" id=\"text-zwei\">a reliable local water supply<\/h3>\n\n\n\n<h3 class=\"wp-block-heading\" id=\"text-drei\">the development of a photovoltaic infrastructure<\/h3>\n<\/div><\/div>\n<\/div>\n\n\n\n<div class=\"wp-block-column is-layout-flow wp-block-column-is-layout-flow\" id=\"spenden-imgs\">\n<figure class=\"wp-block-image size-large\" id=\"bild-eins\"><img loading=\"lazy\" decoding=\"async\" width=\"1024\" height=\"908\" src=\"https:\/\/horemi.org\/en\/wp-content\/uploads\/sites\/28\/2024\/05\/4cbae702-ba23-44b0-8852-e63d7ad010e1-1-1024x908.jpg\" alt class=\"wp-image-4751\" title srcset=\"https:\/\/horemi.org\/en\/wp-content\/uploads\/sites\/28\/2024\/05\/4cbae702-ba23-44b0-8852-e63d7ad010e1-1-1024x908.jpg 1024w, https:\/\/horemi.org\/en\/wp-content\/uploads\/sites\/28\/2024\/05\/4cbae702-ba23-44b0-8852-e63d7ad010e1-1-300x266.jpg 300w, https:\/\/horemi.org\/en\/wp-content\/uploads\/sites\/28\/2024\/05\/4cbae702-ba23-44b0-8852-e63d7ad010e1-1-768x681.jpg 768w, https:\/\/horemi.org\/en\/wp-content\/uploads\/sites\/28\/2024\/05\/4cbae702-ba23-44b0-8852-e63d7ad010e1-1-1536x1361.jpg 1536w, https:\/\/horemi.org\/en\/wp-content\/uploads\/sites\/28\/2024\/05\/4cbae702-ba23-44b0-8852-e63d7ad010e1-1-540x479.jpg 540w, https:\/\/horemi.org\/en\/wp-content\/uploads\/sites\/28\/2024\/05\/4cbae702-ba23-44b0-8852-e63d7ad010e1-1-1080x957.jpg 1080w, https:\/\/horemi.org\/en\/wp-content\/uploads\/sites\/28\/2024\/05\/4cbae702-ba23-44b0-8852-e63d7ad010e1-1.jpg 1600w\" sizes=\"auto, (max-width: 1024px) 100vw, 1024px\"><\/figure>\n\n\n\n<figure class=\"wp-block-image size-large\" id=\"bild-zwei\"><img loading=\"lazy\" decoding=\"async\" width=\"768\" height=\"1024\" src=\"https:\/\/horemi.org\/en\/wp-content\/uploads\/sites\/28\/2024\/05\/616E27D0-D522-40CB-B4C4-D651D1783A31_1_201_a-scaled-2-768x1024.jpeg\" alt class=\"wp-image-4752\" srcset=\"https:\/\/horemi.org\/en\/wp-content\/uploads\/sites\/28\/2024\/05\/616E27D0-D522-40CB-B4C4-D651D1783A31_1_201_a-scaled-2-768x1024.jpeg 768w, https:\/\/horemi.org\/en\/wp-content\/uploads\/sites\/28\/2024\/05\/616E27D0-D522-40CB-B4C4-D651D1783A31_1_201_a-scaled-2-225x300.jpeg 225w, https:\/\/horemi.org\/en\/wp-content\/uploads\/sites\/28\/2024\/05\/616E27D0-D522-40CB-B4C4-D651D1783A31_1_201_a-scaled-2-1152x1536.jpeg 1152w, https:\/\/horemi.org\/en\/wp-content\/uploads\/sites\/28\/2024\/05\/616E27D0-D522-40CB-B4C4-D651D1783A31_1_201_a-scaled-2-1536x2048.jpeg 1536w, https:\/\/horemi.org\/en\/wp-content\/uploads\/sites\/28\/2024\/05\/616E27D0-D522-40CB-B4C4-D651D1783A31_1_201_a-scaled-2-540x720.jpeg 540w, https:\/\/horemi.org\/en\/wp-content\/uploads\/sites\/28\/2024\/05\/616E27D0-D522-40CB-B4C4-D651D1783A31_1_201_a-scaled-2-1080x1440.jpeg 1080w, https:\/\/horemi.org\/en\/wp-content\/uploads\/sites\/28\/2024\/05\/616E27D0-D522-40CB-B4C4-D651D1783A31_1_201_a-scaled-2.jpeg 1920w\" sizes=\"auto, (max-width: 768px) 100vw, 768px\"><\/figure>\n\n\n\n<figure class=\"wp-block-image size-large\" id=\"bild-drei\"><img loading=\"lazy\" decoding=\"async\" width=\"1024\" height=\"768\" src=\"https:\/\/horemi.org\/en\/wp-content\/uploads\/sites\/28\/2024\/05\/image0-scaled-2-1024x768.jpeg\" alt class=\"wp-image-4754\" srcset=\"https:\/\/horemi.org\/en\/wp-content\/uploads\/sites\/28\/2024\/05\/image0-scaled-2-1024x768.jpeg 1024w, https:\/\/horemi.org\/en\/wp-content\/uploads\/sites\/28\/2024\/05\/image0-scaled-2-300x225.jpeg 300w, https:\/\/horemi.org\/en\/wp-content\/uploads\/sites\/28\/2024\/05\/image0-scaled-2-768x576.jpeg 768w, https:\/\/horemi.org\/en\/wp-content\/uploads\/sites\/28\/2024\/05\/image0-scaled-2-1536x1152.jpeg 1536w, https:\/\/horemi.org\/en\/wp-content\/uploads\/sites\/28\/2024\/05\/image0-scaled-2-2048x1536.jpeg 2048w, https:\/\/horemi.org\/en\/wp-content\/uploads\/sites\/28\/2024\/05\/image0-scaled-2-540x405.jpeg 540w, https:\/\/horemi.org\/en\/wp-content\/uploads\/sites\/28\/2024\/05\/image0-scaled-2-1080x810.jpeg 1080w, https:\/\/horemi.org\/en\/wp-content\/uploads\/sites\/28\/2024\/05\/image0-scaled-2-1980x1485.jpeg 1980w\" sizes=\"auto, (max-width: 1024px) 100vw, 1024px\"><\/figure>\n<\/div>\n<\/div>\n\n\n\n<div class=\"wp-block-buttons with-scrollto buttons-center is-content-justification-center is-layout-flex wp-container-core-buttons-is-layout-16018d1d wp-block-buttons-is-layout-flex\">\n<div class=\"wp-block-button\"><a class=\"wp-block-button__link wp-element-button\" href=\"#donate-now\">Donate now<\/a><\/div>\n<\/div>\n\n\n\n<script defer=\"true\">\n\nlet data = [\n[\"#betrag-eins\", \"#text-eins\", \"#bild-eins\"],\n[\"#betrag-zwei\", \"#text-zwei\", \"#bild-zwei\"],\n[\"#betrag-drei\", \"#text-drei\", \"#bild-drei\"]\n];\nconst defa = 0;\n\ndata.forEach((array,index)=>{\n    document.querySelector(array[0]).addEventListener(\"click\", ()=>{\n        setActive(index);\n    });\n});\nsetActive(defa);\n\nfunction setActive(activeIndex){\n    data.forEach((element)=>{\n        element.forEach((elemCont)=>{\n            document.querySelector(elemCont).classList.remove(\"spenden-active\");\n        })\n    });\n    data[activeIndex].forEach((elemCont)=>{\n        document.querySelector(elemCont).classList.add(\"spenden-active\");\n    });\n}\n<\/script>\n<\/div><\/div>\n\n\n\n<p><\/p>\n\n\n\n<h5 class=\"wp-block-heading\">Together we can make the children\u2019s lives easier<\/h5>\n\n\n\n<p><strong>Promote health:<\/strong> Help to ensure that malaria medica\u00adtion and mosquito nets, worm cures and water disin\u00adfec\u00adtion, vita\u00admins and vacci\u00adna\u00adtions, educa\u00adtion and medical visits are avail\u00adable.<\/p>\n\n\n\n<p><strong>Let there be light:<\/strong> HOREMI has no access to the public power supply. In order to bring elec\u00adtricity and light to the orphanage and the school, a suffi\u00adciently large photo\u00advoltaic system is needed. This invest\u00adment would be incon\u00adceiv\u00adable without our help.<\/p>\n\n\n\n<p><strong>Water march: <\/strong>Water canis\u00adters weighing up to 25 kilo\u00adgrams have to be dragged around 200 meters and more than 300 house\u00adholds are crowded around a bore\u00adhole next to HOREMI. A second well near the orphanage would relieve the burden on all of them, but is not feasible with our own resources.<\/p>\n\n\n\n<p><strong>Preparing the ground<\/strong>: HOREMI would like to expand the existing, modest agri\u00adcul\u00adture for self-suffi\u00adciency and as a source of income. However, the neces\u00adsary funds for land, labor and adapted seeds are unfor\u00adtu\u00adnately (still) lacking.<\/p>\n\n\n\n<p><strong>Educa\u00adtion, educa\u00adtion, educa\u00adtion:<\/strong> The path to a better and self-deter\u00admined future begins at the school door. That is why the founders of HOREMI are doing every\u00adthing they can to provide their prot\u00e9g\u00e9s and the chil\u00addren from the surrounding commu\u00adni\u00adties with a high-quality and afford\u00adable school educa\u00adtion. We are doing our best to support HOREMI and invite you to join us.<\/p>\n\n\n\n<div class=\"wp-block-group alignwide mgznkr-elements mgznkr-box\" id=\"paten-box\"><div class=\"wp-block-group__inner-container is-layout-flow wp-block-group-is-layout-flow\">\n<h2 class=\"wp-block-heading has-text-align-center\">Sponsorships: A future for a handful of Euros<\/h2>\n\n\n\n<div class=\"wp-block-columns is-layout-flex wp-container-core-columns-is-layout-9d6595d7 wp-block-columns-is-layout-flex\">\n<div class=\"wp-block-column is-layout-flow wp-block-column-is-layout-flow\"><div class=\"mgznkr-img-slider slides has-nested-images columns-default mgznkr-img-slider slider-cropped\" id=\"mgznkr-img-slider-_3536\">\n<div class=\"slide-1\"><div class=\" slide-img-crop\"><img loading=\"lazy\" decoding=\"async\" width=\"700\" height=\"394\" src=\"https:\/\/horemi.org\/en\/wp-content\/uploads\/sites\/28\/2023\/07\/Horemi_uganda_Wasserkanister_Kinder-1-1024x576.jpg\" class=\"attachment-large  slide-img-crop\" alt srcset=\"https:\/\/horemi.org\/en\/wp-content\/uploads\/sites\/28\/2023\/07\/Horemi_uganda_Wasserkanister_Kinder-1-1024x576.jpg 1024w, https:\/\/horemi.org\/en\/wp-content\/uploads\/sites\/28\/2023\/07\/Horemi_uganda_Wasserkanister_Kinder-1-300x169.jpg 300w, https:\/\/horemi.org\/en\/wp-content\/uploads\/sites\/28\/2023\/07\/Horemi_uganda_Wasserkanister_Kinder-1-768x432.jpg 768w, https:\/\/horemi.org\/en\/wp-content\/uploads\/sites\/28\/2023\/07\/Horemi_uganda_Wasserkanister_Kinder-1-1536x864.jpg 1536w, https:\/\/horemi.org\/en\/wp-content\/uploads\/sites\/28\/2023\/07\/Horemi_uganda_Wasserkanister_Kinder-1-540x304.jpg 540w, https:\/\/horemi.org\/en\/wp-content\/uploads\/sites\/28\/2023\/07\/Horemi_uganda_Wasserkanister_Kinder-1-1080x608.jpg 1080w, https:\/\/horemi.org\/en\/wp-content\/uploads\/sites\/28\/2023\/07\/Horemi_uganda_Wasserkanister_Kinder-1.jpg 1920w\" sizes=\"auto, (max-width: 700px) 100vw, 700px\"><\/div><p>Chil\u00addren fetching water<\/p><\/div>\n<\/div><\/div>\n\n\n\n<div class=\"wp-block-column is-layout-flow wp-block-column-is-layout-flow\">\n<p>With a monthly spon\u00adsor\u00adship contri\u00adbu\u00adtion, you can support HOREMI orphans, needy school\u00adchildren from a neigh\u00adboring village and the (often under\u00adpaid) teachers. Each spon\u00adsor\u00adship always bene\u00adfits the entire group.<\/p>\n\n\n\n<p><strong>Teacher spon\u00adsor\u00adship:<\/strong> With just 40 euros per month, you can finance half of a teacher\u2019s salary and thus help to keep the school running.<\/p>\n\n\n\n<p><strong>Student spon\u00adsor\u00adship:<\/strong> With just 10 euros per month, you pay the school fees and daily lunch of a village child from a very poor family \u2014 with 20 or xx euros accord\u00adingly for two or more chil\u00addren.<\/p>\n\n\n\n<p><strong>Child spon\u00adsor\u00adship:<\/strong> 40 euros per month cover the basic needs of an orphan child for food, clothing, accom\u00admo\u00adda\u00adtion, school.<\/p>\n<\/div>\n<\/div>\n\n\n\n<hr class=\"wp-block-separator has-text-color has-border-color has-alpha-channel-opacity has-border-background-color has-background is-style-default\">\n\n\n\n<h2 class=\"wp-block-heading has-text-align-center\">More info about sponsorship? <\/h2>\n\n\n\n<p>Spon\u00adsor\u00adships are the most sustain\u00adable form of help, as they have a long-term effect and there\u00adfore offer impor\u00adtant plan\u00adning secu\u00adrity. If you are inter\u00adested, you can find more infor\u00adma\u00adtion in the <a href=\"https:\/\/horemi.org\/en\/faq\/\" data-type=\"link\" data-id=\"https:\/\/horemi.org\/en\/faq\/\">FAQ<\/a>. Spon\u00adsor\u00adships can also be arranged indi\u00advid\u00adu\u00adally, please contact us for specific arrange\u00adments: <a href=\"mailto:hello@horemi.org\">hello@horemi.org<\/a><\/p>\n\n\n\n<div class=\"wp-block-buttons alignfull buttons-center is-content-justification-center is-layout-flex wp-container-core-buttons-is-layout-16018d1d wp-block-buttons-is-layout-flex\">\n<div class=\"wp-block-button\"><a class=\"wp-block-button__link wp-element-button\" href=\"mailto:hello@horemi.org?subject=HOREMI%20Become%20a%20sponsor&amp;body=Hello%2C%20I%20can%20help%20and%20become%20a%20Friend%20of%20Horemi.%20Please%20get%20in%20touch%20with%20me.%20My%20contact%20details%3A%0D%0DPhone%3A%0AEmail%3A%20\" target=\"_blank\" rel=\"noreferrer noopener\">Send email now<\/a><\/div>\n<\/div>\n<\/div><\/div>\n\n\n\n<h2 class=\"wp-block-heading\" id=\"donate-now\"><strong>Thank you for your donation and welcome to the Friends of HOREMI!<\/strong><\/h2>\n\n\n\n<p><strong>Since Uganda is not exactly around the corner finan\u00adcially, money trans\u00adfers are unfor\u00adtu\u00adnately not quite as simple as in the western area. Bank trans\u00adfers are slow and expen\u00adsive, HOREMI cannot process credit card payments, PayPal is not widely avail\u00adable in Uganda and is also quite expen\u00adsive.<\/strong><\/p>\n\n\n\n<h2 class=\"wp-block-heading\">PayPal or credit card to hello@horemi.org<\/h2>\n\n\n\n<p>The Friends of HOREMI there\u00adfore offer a comfort\u00adable and secure way of payment via our (German) PayPal* account: You donate to us via <a href=\"https:\/\/www.paypal.com\/donate\/?hosted_button_id=WJ8NHT4T7CH7Y\" data-type=\"link\" data-id=\"https:\/\/www.paypal.com\/donate\/?hosted_button_id=WJ8NHT4T7CH7Y\" target=\"_blank\" rel=\"noreferrer noopener\">Paypal or debit\/credit card to hello@horemi.org<\/a>, we forward your dona\u00adtion to HOREMI using transfer services like Worl\u00addRemit or Wise (see below).<\/p>\n\n\n\n<h2 class=\"wp-block-heading\">Bank transfer or transfer service<\/h2>\n\n\n\n<p>Within the EU, it is best to use this account:<\/p>\n\n\n\n<p>Account holder: Friends of HOREMI e.V.<br>Bank: Kreiss\u00adparkasse Ludwigs\u00adburg<br>IBAN: DE90 6045 0050 0030 2456 46<br>BIC: SOLADES1LBG<br>Purpose: HOREMI + (free entry)<\/p>\n\n\n\n<p>If you would like to donate directly to HOREMI via bank transfer or transfer service, please use these bank details:<\/p>\n\n\n\n<p>Account Holder: Hope and Rescue Missions Inter\u00adna\u00adtional<br>Bank: Post Bank Uganda<br>Account Number: 2110 0270 00673<br>SWIFT Code: UGPBUGKA<br>P.O Box 100294, Iganga<\/p>\n\n\n\n<p>We use and recom\u00admend the transfer service providers <a href=\"http:\/\/worldremit.com\" data-type=\"link\" data-id=\"worldremit.com\" target=\"_blank\" rel=\"noreferrer noopener\">WorldRemit.com<\/a> or <a href=\"http:\/\/wise.com\" data-type=\"link\" data-id=\"wise.com\" target=\"_blank\" rel=\"noreferrer noopener\">Wise.com<\/a>. These services are reputable, fast and rela\u00adtively cheap (fee depends on country). However, you need to create an account for it. As an alter\u00adna\u00adtive, please consider the way described above via our German PayPal account.<\/p>\n\n\n\n<p><em>* Note: PayPal charges fees on which we have no influ\u00adence. There\u00adfore, your dona\u00adtion will not reach us in full. Alter\u00adna\u00adtively, you can donate to us by bank transfer, please see above.<\/em><\/p>\n\n\n\n<ul class=\"wp-block-list has-small-font-size\">\n<li><\/li>\n<\/ul>\n\n\n\n<p><strong>Whichever way you choose: Thank you \u2014 your help will reach the kids!<\/strong><\/p>\n\n\n\n<div id=\"donate-now\" class=\"wp-block-group mgznkr-elements mgznkr-box sharing-box\"><div class=\"wp-block-group__inner-container is-layout-flow wp-block-group-is-layout-flow\">\n<h2 class=\"wp-block-heading\">Money is an issue? You can help without it<strong>!<\/strong><\/h2>\n\n\n\n<p>Of course, money isn\u2019t scarce only in Uganda. But even if you don\u2019t have any money to spare, you can help: Forward the link to this page to friends, family, colleagues and followers. Every click helps! Thank you!<\/p>\n\n\n\n<div class=\"wp-block-buttons buttons-center is-content-justification-center is-layout-flex wp-container-core-buttons-is-layout-16018d1d wp-block-buttons-is-layout-flex\">\n<div class=\"wp-block-button\"><a class=\"wp-block-button__link wp-element-button\" href=\"https:\/\/wa.me\/?text=Friends+of+HOREMI%3A+Helfen+macht+Freu%28n%29de%21++%7C+https%3A%2F%2Fhoremi.org%2Fde%2F&amp;title=Friends+of+HOREMI%3A+Helfen+macht+Freu%28n%29de%21+\" target=\"_blank\" rel=\"noreferrer noopener\"><i class=\"mgznkr-icon fa fa-whatsapp fab fas\"><\/i><\/a><\/div>\n\n\n\n<div class=\"wp-block-button\"><a class=\"wp-block-button__link wp-element-button\" href=\"https:\/\/www.facebook.com\/sharer\/sharer.php?u=https%3A%2F%2Fhoremi.org%2Fde%2F\" target=\"_blank\" rel=\"noreferrer noopener\"><i class=\"mgznkr-icon fa fa-facebook-f fab fas\"><\/i><\/a><\/div>\n\n\n\n<div class=\"wp-block-button m2g-sharing-icon copy_url\"><a class=\"wp-block-button__link wp-element-button\"><i class=\"mgznkr-icon fa fa-link fas\"><\/i><\/a><\/div>\n\n\n\n<div class=\"wp-block-button\"><a class=\"wp-block-button__link wp-element-button\" href=\"mailto:?subject=Friends%20of%20HOREMI:%20Helfen%20macht%20Freu(n)de!%20Friends%20of%20HOREMI:%20Helfen%20macht%20Freu(n)de!%20&amp;body=%0D%0AEin%20Blechdach%20\u00fcber%20dem%20Kopf,%20eine%20warme%20Mahlzeit%20am%20Tag,%20regelm\u00e4\u00dfiger%20Schulbesuch:%20F\u00fcr%20viele%20der%20vielen%20Waisenkinder%20in%20Uganda%20ist%20dieser%20\u201eLuxus\u201c%20unerreichbar.%20Das%20kann%20doch%20nicht%20sein,%20sagte%20sich%20vor%20acht%20Jahren%20eine%20B\u00e4uerin%20im%20Osten%20des%20Landes%20und%20startete%20mit%20nicht%20viel%20mehr%20als%20ihren%20zwei%20H\u00e4nden%20eine%20Initiative,%20die%20heute%20unter%20dem%20Namen%20HOREMI%20f\u00fcr%20rund%2030%20Waisenkinder%20sorgt.%20%0D%0A%0D%0AHOREMI%20ist%20auf%20unsere%20Hilfe%20angewiesen%20und%20braucht%20dringend%20neue%20Freunde.%20Hier%20kannst%20Du%20Dich%20informieren%20und%20spenden:%20%0D%0A%0D%0Ahttps:\/\/horemi.org\/de\"><i class=\"mgznkr-icon fa fa-envelope fas\"><\/i><\/a><\/div>\n<\/div>\n<\/div><\/div>\n\n\n\n<h3 class=\"wp-block-heading\"><\/h3>\n","protected":false},"excerpt":{"rendered":"<p>We make sure that HOREMI receives 100% of the dona\u00adtions. We can person\u00adally attest to the fact that they make a big differ\u00adence on the ground. As a\u2026<\/p>\n","protected":false},"author":25,"featured_media":0,"parent":0,"menu_order":0,"comment_status":"closed","ping_status":"closed","template":"","meta":{"_acf_changed":false,"wp_typography_post_enhancements_disabled":false,"footnotes":""},"class_list":["post-3821","page","type-page","status-publish","has-post-thumbnail","hentry"],"acf":[],"_links":{"self":[{"href":"https:\/\/horemi.org\/en\/wp-json\/wp\/v2\/pages\/3821","targetHints":{"allow":["GET"]}}],"collection":[{"href":"https:\/\/horemi.org\/en\/wp-json\/wp\/v2\/pages"}],"about":[{"href":"https:\/\/horemi.org\/en\/wp-json\/wp\/v2\/types\/page"}],"author":[{"embeddable":true,"href":"https:\/\/horemi.org\/en\/wp-json\/wp\/v2\/users\/25"}],"replies":[{"embeddable":true,"href":"https:\/\/horemi.org\/en\/wp-json\/wp\/v2\/comments?post=3821"}],"version-history":[{"count":101,"href":"https:\/\/horemi.org\/en\/wp-json\/wp\/v2\/pages\/3821\/revisions"}],"predecessor-version":[{"id":4925,"href":"https:\/\/horemi.org\/en\/wp-json\/wp\/v2\/pages\/3821\/revisions\/4925"}],"wp:attachment":[{"href":"https:\/\/horemi.org\/en\/wp-json\/wp\/v2\/media?parent=3821"}],"curies":[{"name":"wp","href":"https:\/\/api.w.org\/{rel}","templated":true}]}}