{"id":6,"date":"2021-09-15T12:00:45","date_gmt":"2021-09-15T10:00:45","guid":{"rendered":"https:\/\/mag2go.de\/horemi\/?page_id=6"},"modified":"2025-01-28T12:54:17","modified_gmt":"2025-01-28T11:54:17","slug":"startseite","status":"publish","type":"page","link":"https:\/\/horemi.org\/en\/","title":{"rendered":"Welcome to the friends of HOREMI!"},"content":{"rendered":"\n<div class=\"wp-block-group alignfull grid-break\" id=\"opener\"><div class=\"wp-block-group__inner-container is-layout-constrained wp-block-group-is-layout-constrained\">\n<div class=\"wp-block-columns is-layout-flex wp-container-core-columns-is-layout-9d6595d7 wp-block-columns-is-layout-flex\">\n<div class=\"wp-block-column is-vertically-aligned-center is-layout-flow wp-block-column-is-layout-flow\" style=\"flex-basis:40%\">\n<h1 class=\"wp-block-heading alignfull has-text-align-left\">Welcome to the friends of HOREMI!<\/h1>\n\n\n\n<p class=\"has-text-align-left\">A tin roof over their heads, a warm meal a day, regular school atten\u00addance: For &nbsp;nearly all of the many orphans in Uganda, this \u201cluxury\u201d is unat\u00adtain\u00adable. More than eight years ago, a woman in the east of the country said to herself, \u201cThis can\u2019t be.\u201d With not much more than her two hands, she started an initia\u00adtive that today provides for around 30 orphans under the name HOREMI.<\/p>\n\n\n\n<div class=\"wp-block-buttons is-layout-flex wp-block-buttons-is-layout-flex\">\n<div class=\"wp-block-button\"><a class=\"wp-block-button__link wp-element-button\" href=\"https:\/\/horemi.org\/en\/become-a-sponsor\/\"><strong>I want to help<\/strong><\/a><\/div>\n<\/div>\n<\/div>\n\n\n\n<div class=\"wp-block-column is-vertically-aligned-center is-layout-flow wp-block-column-is-layout-flow\" style=\"flex-basis:60%\"><div class=\"wp-block-image\">\n<figure class=\"aligncenter size-full\"><img loading=\"lazy\" decoding=\"async\" width=\"980\" height=\"551\" src=\"https:\/\/horemi.org\/en\/wp-content\/uploads\/sites\/28\/2024\/01\/horemi_uganda_kinder_gruppe-small.jpg\" alt class=\"wp-image-4496\" srcset=\"https:\/\/horemi.org\/en\/wp-content\/uploads\/sites\/28\/2024\/01\/horemi_uganda_kinder_gruppe-small.jpg 980w, https:\/\/horemi.org\/en\/wp-content\/uploads\/sites\/28\/2024\/01\/horemi_uganda_kinder_gruppe-small-300x169.jpg 300w, https:\/\/horemi.org\/en\/wp-content\/uploads\/sites\/28\/2024\/01\/horemi_uganda_kinder_gruppe-small-768x432.jpg 768w, https:\/\/horemi.org\/en\/wp-content\/uploads\/sites\/28\/2024\/01\/horemi_uganda_kinder_gruppe-small-540x304.jpg 540w\" sizes=\"auto, (max-width: 980px) 100vw, 980px\"><\/figure>\n<\/div><\/div>\n<\/div>\n<\/div><\/div>\n\n\n\n<div class=\"wp-block-group grid-break content\"><div class=\"wp-block-group__inner-container is-layout-constrained wp-block-group-is-layout-constrained\">\n<h3 class=\"wp-block-heading\">HOREMI: Help, hope and perspective<\/h3>\n\n\n\n<p>HOREMI (Hope and Rescue Missions Inter\u00adna\u00adtional) is a small, private aid orga\u00adni\u00adza\u00adtion in eastern Uganda. It was founded in 2015 by teacher Naume Naigaga and her adopted son Kenneth and now provides 30 orphans and street chil\u00addren with the basics of life: shelter, food, drink, clothing and schooling. You can find insights into life at HOREMI and news here in the blog.<br>At the begin\u00adning of 2024, HOREMI also opened its own school to provide poor chil\u00addren with a good educa\u00adtion. HOREMI could not do this work without your dona\u00adtions.<br>Uganda is one of the poorest coun\u00adtries in the world. There is no state welfare in the western sense. But there is us, the \u201cFriends of HOREMI\u201d (see below).<\/p>\n<\/div><\/div>\n\n\n\n<div class=\"wp-block-group mgznkr-elements mgznkr-box sharing-box\"><div class=\"wp-block-group__inner-container is-layout-constrained wp-block-group-is-layout-constrained\">\n<h2 class=\"wp-block-heading has-text-align-center\"><strong>Friends wanted!<\/strong><\/h2>\n\n\n\n<p><strong>HOREMI still needs many friends. If you would like to support the kids in Uganda, we would appre\u00adciate a link to this page on your favorite social media plat\u00adforms. Every click helps! Thank you!<\/strong><\/p>\n\n\n\n<div class=\"wp-block-buttons buttons-center is-content-justification-center is-layout-flex wp-container-core-buttons-is-layout-16018d1d wp-block-buttons-is-layout-flex\">\n<div class=\"wp-block-button\"><a class=\"wp-block-button__link wp-element-button\" href=\"https:\/\/wa.me\/?text=Friends+of+HOREMI%3A+Helfen+macht+Freu%28n%29de%21++%7C+https%3A%2F%2Fhoremi.org%2Fde%2F&amp;title=Friends+of+HOREMI%3A+Helfen+macht+Freu%28n%29de%21+\" target=\"_blank\" rel=\"noreferrer noopener\"><i class=\"mgznkr-icon fa fa-whatsapp fab fas\"><\/i><\/a><\/div>\n\n\n\n<div class=\"wp-block-button\"><a class=\"wp-block-button__link wp-element-button\" href=\"https:\/\/www.facebook.com\/sharer\/sharer.php?u=https%3A%2F%2Fhoremi.org%2Fde%2F\" target=\"_blank\" rel=\"noreferrer noopener\"><i class=\"mgznkr-icon fa fa-facebook-f fab fas\"><\/i><\/a><\/div>\n\n\n\n<div class=\"wp-block-button m2g-sharing-icon copy_url\"><a class=\"wp-block-button__link wp-element-button\"><i class=\"mgznkr-icon fa fa-link fas\"><\/i><\/a><\/div>\n\n\n\n<div class=\"wp-block-button\"><a class=\"wp-block-button__link wp-element-button\" href=\"mailto:?subject=Friends%20of%20HOREMI:%20Helfen%20macht%20Freu(n)de!%20Friends%20of%20HOREMI:%20Helfen%20macht%20Freu(n)de!%20&amp;body=%0D%0AEin%20Blechdach%20\u00fcber%20dem%20Kopf,%20eine%20warme%20Mahlzeit%20am%20Tag,%20regelm\u00e4\u00dfiger%20Schulbesuch:%20F\u00fcr%20viele%20der%20vielen%20Waisenkinder%20in%20Uganda%20ist%20dieser%20\u201eLuxus\u201c%20unerreichbar.%20Das%20kann%20doch%20nicht%20sein,%20sagte%20sich%20vor%20acht%20Jahren%20eine%20B\u00e4uerin%20im%20Osten%20des%20Landes%20und%20startete%20mit%20nicht%20viel%20mehr%20als%20ihren%20zwei%20H\u00e4nden%20eine%20Initiative,%20die%20heute%20unter%20dem%20Namen%20HOREMI%20f\u00fcr%20rund%2030%20Waisenkinder%20sorgt.%20%0D%0A%0D%0AHOREMI%20ist%20auf%20unsere%20Hilfe%20angewiesen%20und%20braucht%20dringend%20neue%20Freunde.%20Hier%20kannst%20Du%20Dich%20informieren%20und%20spenden:%20%0D%0A%0D%0Ahttps:\/\/horemi.org\/de\"><i class=\"mgznkr-icon fa fa-envelope fas\"><\/i><\/a><\/div>\n<\/div>\n<\/div><\/div>\n\n\n\n<div class=\"wp-block-group grid-break content\"><div class=\"wp-block-group__inner-container is-layout-constrained wp-block-group-is-layout-constrained\">\n<hr class=\"wp-block-separator has-alpha-channel-opacity m2g-section-divider\">\n<\/div><\/div>\n\n\n\n<div class=\"wp-block-group alignfull grid-break mgznkr-elements mgznkr-box\" id=\"teaser-box\"><div class=\"wp-block-group__inner-container is-layout-constrained wp-block-group-is-layout-constrained\">\n<h2 class=\"wp-block-heading has-text-align-center\"><strong>News and Stories<\/strong><\/h2>\n\n\n<div class=\"grid-item grid-item\"><a class=\"preview-link\" href=\"https:\/\/horemi.org\/en\/final-sprint-for-the-school-expansion\/\" title=\"Final sprint for the school expansion\" rel=\"bookmark\">\n\t<article class=\"preview preview-post post-5023 post type-post status-publish format-standard has-post-thumbnail hentry category-horemi\" id=\"post-5023\">\n\n\t\t<figure class=\"preview-media\">\n\n\t\t\t<div class=\"preview-media-link faux-image aspect-ratio-16x10\">\n\t\t\t\t<div class=\"m2g-media-wrapper\"><img loading=\"lazy\" decoding=\"async\" width=\"1080\" height=\"478\" src=\"https:\/\/horemi.org\/en\/wp-content\/uploads\/sites\/28\/2025\/11\/173e1b38-0c70-4af1-99fb-f70dd05f18ec-1-1080x478.jpg\" class=\"attachment-chaplin_preview_image_high_resolution size-chaplin_preview_image_high_resolution wp-post-image\" alt srcset=\"https:\/\/horemi.org\/en\/wp-content\/uploads\/sites\/28\/2025\/11\/173e1b38-0c70-4af1-99fb-f70dd05f18ec-1-1080x478.jpg 1080w, https:\/\/horemi.org\/en\/wp-content\/uploads\/sites\/28\/2025\/11\/173e1b38-0c70-4af1-99fb-f70dd05f18ec-1-300x133.jpg 300w, https:\/\/horemi.org\/en\/wp-content\/uploads\/sites\/28\/2025\/11\/173e1b38-0c70-4af1-99fb-f70dd05f18ec-1-1024x454.jpg 1024w, https:\/\/horemi.org\/en\/wp-content\/uploads\/sites\/28\/2025\/11\/173e1b38-0c70-4af1-99fb-f70dd05f18ec-1-768x340.jpg 768w, https:\/\/horemi.org\/en\/wp-content\/uploads\/sites\/28\/2025\/11\/173e1b38-0c70-4af1-99fb-f70dd05f18ec-1-1536x680.jpg 1536w, https:\/\/horemi.org\/en\/wp-content\/uploads\/sites\/28\/2025\/11\/173e1b38-0c70-4af1-99fb-f70dd05f18ec-1-2048x907.jpg 2048w, https:\/\/horemi.org\/en\/wp-content\/uploads\/sites\/28\/2025\/11\/173e1b38-0c70-4af1-99fb-f70dd05f18ec-1-540x239.jpg 540w, https:\/\/horemi.org\/en\/wp-content\/uploads\/sites\/28\/2025\/11\/173e1b38-0c70-4af1-99fb-f70dd05f18ec-1-1980x877.jpg 1980w\" sizes=\"auto, (max-width: 1080px) 100vw, 1080px\"><\/div>\n\t\t\t<\/div>\n\n\t\t<\/figure><!-- .preview-media -->\n\t\t\t\n\t\t<header class=\"preview-header\">\n\t\n\t\t\t<h2 class=\"preview-title heading-size-3\"><span class=\"pre-header preview-pre-header\"><\/span><span>Final sprint for the school expansion<\/span><\/h2>\n\t\t\t\t\t\n\t\t\t<div class=\"preview-excerpt\">\n\t\t\t\t<p>Thanks to generous donors, HOREMi\u2019s second school building can be completed before the end of the year.<\/p>\n<span class=\"more\" aria-hidden=\"true\"><\/span>\t\t\t\n\t\t\t<\/div><!-- .preview-excerpt -->\n\t\t\t\t\n\t\t<\/header><!-- .preview-header -->\n\n\t<\/article><!-- .preview -->\n<\/a>\n<\/div><div class=\"grid-item grid-item\"><a class=\"preview-link\" href=\"https:\/\/horemi.org\/en\/the-school-grows-brick-by-brick\/\" title=\"The school grows brick by brick\" rel=\"bookmark\">\n\t<article class=\"preview preview-post post-5008 post type-post status-publish format-standard has-post-thumbnail hentry category-horemi\" id=\"post-5008\">\n\n\t\t<figure class=\"preview-media\">\n\n\t\t\t<div class=\"preview-media-link faux-image aspect-ratio-16x10\">\n\t\t\t\t<div class=\"m2g-media-wrapper\"><img loading=\"lazy\" decoding=\"async\" width=\"1080\" height=\"478\" src=\"https:\/\/horemi.org\/en\/wp-content\/uploads\/sites\/28\/2025\/07\/31bd9d84-4f90-4d59-9404-e81b4d75b42b-1080x478.jpg\" class=\"attachment-chaplin_preview_image_high_resolution size-chaplin_preview_image_high_resolution wp-post-image\" alt srcset=\"https:\/\/horemi.org\/en\/wp-content\/uploads\/sites\/28\/2025\/07\/31bd9d84-4f90-4d59-9404-e81b4d75b42b-1080x478.jpg 1080w, https:\/\/horemi.org\/en\/wp-content\/uploads\/sites\/28\/2025\/07\/31bd9d84-4f90-4d59-9404-e81b4d75b42b-300x133.jpg 300w, https:\/\/horemi.org\/en\/wp-content\/uploads\/sites\/28\/2025\/07\/31bd9d84-4f90-4d59-9404-e81b4d75b42b-1024x454.jpg 1024w, https:\/\/horemi.org\/en\/wp-content\/uploads\/sites\/28\/2025\/07\/31bd9d84-4f90-4d59-9404-e81b4d75b42b-768x340.jpg 768w, https:\/\/horemi.org\/en\/wp-content\/uploads\/sites\/28\/2025\/07\/31bd9d84-4f90-4d59-9404-e81b4d75b42b-1536x680.jpg 1536w, https:\/\/horemi.org\/en\/wp-content\/uploads\/sites\/28\/2025\/07\/31bd9d84-4f90-4d59-9404-e81b4d75b42b-2048x907.jpg 2048w, https:\/\/horemi.org\/en\/wp-content\/uploads\/sites\/28\/2025\/07\/31bd9d84-4f90-4d59-9404-e81b4d75b42b-540x239.jpg 540w, https:\/\/horemi.org\/en\/wp-content\/uploads\/sites\/28\/2025\/07\/31bd9d84-4f90-4d59-9404-e81b4d75b42b-1980x877.jpg 1980w\" sizes=\"auto, (max-width: 1080px) 100vw, 1080px\"><\/div>\n\t\t\t<\/div>\n\n\t\t<\/figure><!-- .preview-media -->\n\t\t\t\n\t\t<header class=\"preview-header\">\n\t\n\t\t\t<h2 class=\"preview-title heading-size-3\"><span class=\"pre-header preview-pre-header\"><\/span><span>The school grows brick by brick<\/span><\/h2>\n\t\t\t\t\t\n\t\t\t<div class=\"preview-excerpt\">\n\t\t\t\t<p>Things are moving forward! The exten\u00adsion to the HOREMI Junior School is growing and thriving \u2026<\/p>\n<span class=\"more\" aria-hidden=\"true\"><\/span>\t\t\t\n\t\t\t<\/div><!-- .preview-excerpt -->\n\t\t\t\t\n\t\t<\/header><!-- .preview-header -->\n\n\t<\/article><!-- .preview -->\n<\/a>\n<\/div><div class=\"grid-item grid-item\"><a class=\"preview-link\" href=\"https:\/\/horemi.org\/en\/more-space-for-the-horemi-junior-school\/\" title=\"More space for the HOREMI Junior School\" rel=\"bookmark\">\n\t<article class=\"preview preview-post post-4973 post type-post status-publish format-standard has-post-thumbnail hentry category-horemi\" id=\"post-4973\">\n\n\t\t<figure class=\"preview-media\">\n\n\t\t\t<div class=\"preview-media-link faux-image aspect-ratio-16x10\">\n\t\t\t\t<div class=\"m2g-media-wrapper\"><img loading=\"lazy\" decoding=\"async\" width=\"1080\" height=\"560\" src=\"https:\/\/horemi.org\/en\/wp-content\/uploads\/sites\/28\/2025\/06\/7c1757d1-daf7-4da2-af8f-0c7e184805b6-2-1080x560.jpg\" class=\"attachment-chaplin_preview_image_high_resolution size-chaplin_preview_image_high_resolution wp-post-image\" alt srcset=\"https:\/\/horemi.org\/en\/wp-content\/uploads\/sites\/28\/2025\/06\/7c1757d1-daf7-4da2-af8f-0c7e184805b6-2-1080x560.jpg 1080w, https:\/\/horemi.org\/en\/wp-content\/uploads\/sites\/28\/2025\/06\/7c1757d1-daf7-4da2-af8f-0c7e184805b6-2-300x155.jpg 300w, https:\/\/horemi.org\/en\/wp-content\/uploads\/sites\/28\/2025\/06\/7c1757d1-daf7-4da2-af8f-0c7e184805b6-2-1024x530.jpg 1024w, https:\/\/horemi.org\/en\/wp-content\/uploads\/sites\/28\/2025\/06\/7c1757d1-daf7-4da2-af8f-0c7e184805b6-2-768x398.jpg 768w, https:\/\/horemi.org\/en\/wp-content\/uploads\/sites\/28\/2025\/06\/7c1757d1-daf7-4da2-af8f-0c7e184805b6-2-1536x796.jpg 1536w, https:\/\/horemi.org\/en\/wp-content\/uploads\/sites\/28\/2025\/06\/7c1757d1-daf7-4da2-af8f-0c7e184805b6-2-540x280.jpg 540w, https:\/\/horemi.org\/en\/wp-content\/uploads\/sites\/28\/2025\/06\/7c1757d1-daf7-4da2-af8f-0c7e184805b6-2.jpg 1965w\" sizes=\"auto, (max-width: 1080px) 100vw, 1080px\"><\/div>\n\t\t\t<\/div>\n\n\t\t<\/figure><!-- .preview-media -->\n\t\t\t\n\t\t<header class=\"preview-header\">\n\t\n\t\t\t<h2 class=\"preview-title heading-size-3\"><span class=\"pre-header preview-pre-header\"><\/span><span>More space for the HOREMI Junior School<\/span><\/h2>\n\t\t\t\t\t\n\t\t\t<div class=\"preview-excerpt\">\n\t\t\t\t<p>HOREM\u2019s school needs more space. As usual, the Ugandan-prag\u00ad\u00admatic building project begins with a load of bricks in the court\u00adyard \u2026<\/p>\n<span class=\"more\" aria-hidden=\"true\"><\/span>\t\t\t\n\t\t\t<\/div><!-- .preview-excerpt -->\n\t\t\t\t\n\t\t<\/header><!-- .preview-header -->\n\n\t<\/article><!-- .preview -->\n<\/a>\n<\/div>\n\n\n<h2 class=\"wp-block-heading has-text-align-center\"><a href=\"\/en\/news\/\">News &amp; Stories <i class=\"mgznkr-icon fa fa-caret-right fas\"><\/i><\/a><\/h2>\n<\/div><\/div>\n\n\n\n<div class=\"wp-block-group alignwide grid-break content\"><div class=\"wp-block-group__inner-container is-layout-constrained wp-block-group-is-layout-constrained\">\n<h2 class=\"wp-block-heading\">Friends of HOREMI: Teamwork makes the dream work!<\/h2>\n\n\n\n<p>We, the \u201cFriends of HOREMI e.V.\u201d are a handful of spon\u00adsors, some of whom have been supporting HOREMI for years (from around 2016). In mid-2023, we decided to found a non-profit asso\u00adci\u00ada\u00adtion to better promote the work of the small orga\u00adni\u00adza\u00adtion HOREMI. And to find many more friends for Yobu, Bumali and all the other HOREMI kids.<\/p>\n\n\n\n<p>Our goal is to increase and stabi\u00adlize the dona\u00adtions for the orphanage and the start-up aid for the school in order to give HOREMI more plan\u00adning secu\u00adrity. This is the only way the orga\u00adni\u00adza\u00adtion has a chance of providing sustain\u00adable help and building up its own resources, for example through its own agri\u00adcul\u00adture. And the help is getting through: Every euro notice\u00adably improves the diffi\u00adcult living situ\u00ada\u00adtion on the ground.<\/p>\n\n\n\n<figure class=\"wp-block-image alignwide size-large\"><img loading=\"lazy\" decoding=\"async\" width=\"1024\" height=\"576\" src=\"https:\/\/mag2go.de\/horemi\/wp-content\/uploads\/sites\/27\/2023\/07\/Horemi_Uganda_Kinder_Waisen-1024x576.jpg\" alt class=\"wp-image-3531\" srcset=\"https:\/\/horemi.org\/en\/wp-content\/uploads\/sites\/28\/2023\/07\/Horemi_Uganda_Kinder_Waisen-1024x576.jpg 1024w, https:\/\/horemi.org\/en\/wp-content\/uploads\/sites\/28\/2023\/07\/Horemi_Uganda_Kinder_Waisen-300x169.jpg 300w, https:\/\/horemi.org\/en\/wp-content\/uploads\/sites\/28\/2023\/07\/Horemi_Uganda_Kinder_Waisen-768x432.jpg 768w, https:\/\/horemi.org\/en\/wp-content\/uploads\/sites\/28\/2023\/07\/Horemi_Uganda_Kinder_Waisen-1536x864.jpg 1536w, https:\/\/horemi.org\/en\/wp-content\/uploads\/sites\/28\/2023\/07\/Horemi_Uganda_Kinder_Waisen-540x304.jpg 540w, https:\/\/horemi.org\/en\/wp-content\/uploads\/sites\/28\/2023\/07\/Horemi_Uganda_Kinder_Waisen-1080x608.jpg 1080w, https:\/\/horemi.org\/en\/wp-content\/uploads\/sites\/28\/2023\/07\/Horemi_Uganda_Kinder_Waisen.jpg 1920w\" sizes=\"auto, (max-width: 1024px) 100vw, 1024px\"><\/figure>\n\n\n\n<h3 class=\"wp-block-heading\">Our next steps:<\/h3>\n\n\n\n<ul class=\"wp-block-list\">\n<li>Convincing new donors (<a href=\"https:\/\/horemi.org\/en\/become-a-sponsor\/\" data-type=\"link\" data-id=\"https:\/\/horemi.org\/en\/become-a-sponsor\/\">your dona\u00adtion helps a lot<\/a>!)<\/li>\n\n\n\n<li>Finding spon\u00adsors for more chil\u00addren (<a href=\"https:\/\/horemi.org\/en\/become-a-sponsor\/\" data-type=\"link\" data-id=\"https:\/\/horemi.org\/en\/become-a-sponsor\/\">every spon\u00adsor\u00adship helps all chil\u00addren<\/a>)<\/li>\n<\/ul>\n<\/div><\/div>\n","protected":false},"excerpt":{"rendered":"<p>Ein Blech\u00addach \u00fcber dem Kopf, eine warme Mahlzeit am Tag, regelm\u00e4\u00dfiger Schulbe\u00adsuch: F\u00fcr viele der vielen Waisenkinder in Uganda ist dieser \u201eLuxus\u201c unerr\u00ade\u00adichbar. Das kann doch nicht sein, sagte sich vor acht Jahren eine B\u00e4uerin im Osten des Landes und startete mit nicht viel mehr als ihren zwei H\u00e4nden eine Initia\u00adtive, die heute unter dem Namen HOREMI f\u00fcr rund 30 Waisenkinder sorgt.<\/p>\n","protected":false},"author":1,"featured_media":0,"parent":0,"menu_order":10,"comment_status":"closed","ping_status":"closed","template":"page-list-teaser-blocks.php","meta":{"_acf_changed":false,"wp_typography_post_enhancements_disabled":false,"footnotes":""},"class_list":["post-6","page","type-page","status-publish","has-post-thumbnail","hentry"],"acf":[],"_links":{"self":[{"href":"https:\/\/horemi.org\/en\/wp-json\/wp\/v2\/pages\/6","targetHints":{"allow":["GET"]}}],"collection":[{"href":"https:\/\/horemi.org\/en\/wp-json\/wp\/v2\/pages"}],"about":[{"href":"https:\/\/horemi.org\/en\/wp-json\/wp\/v2\/types\/page"}],"author":[{"embeddable":true,"href":"https:\/\/horemi.org\/en\/wp-json\/wp\/v2\/users\/1"}],"replies":[{"embeddable":true,"href":"https:\/\/horemi.org\/en\/wp-json\/wp\/v2\/comments?post=6"}],"version-history":[{"count":169,"href":"https:\/\/horemi.org\/en\/wp-json\/wp\/v2\/pages\/6\/revisions"}],"predecessor-version":[{"id":4929,"href":"https:\/\/horemi.org\/en\/wp-json\/wp\/v2\/pages\/6\/revisions\/4929"}],"wp:attachment":[{"href":"https:\/\/horemi.org\/en\/wp-json\/wp\/v2\/media?parent=6"}],"curies":[{"name":"wp","href":"https:\/\/api.w.org\/{rel}","templated":true}]}}